{"id":2181,"date":"2023-03-10T17:50:53","date_gmt":"2023-03-10T17:50:53","guid":{"rendered":"https:\/\/felixwebprod.wpengine.com\/page-dexemple\/"},"modified":"2023-05-26T17:41:57","modified_gmt":"2023-05-26T17:41:57","slug":"page-dexemple","status":"publish","type":"page","link":"https:\/\/www.felixglobal.com\/fr\/page-dexemple\/","title":{"rendered":"Page d&#8217;exemple"},"content":{"rendered":"[et_pb_section fb_built=&#8221;1&#8243; _builder_version=&#8221;4.20.4&#8243; _module_preset=&#8221;default&#8221; global_colors_info=&#8221;{}&#8221;][et_pb_row _builder_version=&#8221;4.20.4&#8243; _module_preset=&#8221;default&#8221; global_colors_info=&#8221;{}&#8221;][et_pb_column type=&#8221;4_4&#8243; _builder_version=&#8221;4.20.4&#8243; _module_preset=&#8221;default&#8221; global_colors_info=&#8221;{}&#8221;][et_pb_text _builder_version=&#8221;4.20.4&#8243; _module_preset=&#8221;default&#8221;]\n<p>Votre contenu va ici. Modifiez ou supprimez ce texte en ligne ou dans les param\u00e8tres de contenu du module. Vous pouvez \u00e9galement styliser chaque aspect de ce contenu dans les param\u00e8tres de conception du module et m\u00eame appliquer un CSS personnalis\u00e9 \u00e0 ce texte dans les param\u00e8tres avanc\u00e9s du module.<\/p>\n[\/et_pb_text][et_pb_code _builder_version=&#8221;4.21.0&#8243; _module_preset=&#8221;default&#8221; hover_enabled=&#8221;0&#8243; global_colors_info=&#8221;{}&#8221; sticky_enabled=&#8221;0&#8243;][wpml_language_selector_widget][\/et_pb_code][\/et_pb_column][\/et_pb_row][\/et_pb_section]\n","protected":false},"excerpt":{"rendered":"<p>[et_pb_section fb_built=&#8221;1&#8243; _builder_version=&#8221;4.20.4&#8243; _module_preset=&#8221;default&#8221; global_colors_info=&#8221;{}&#8221;][et_pb_row _builder_version=&#8221;4.20.4&#8243; _module_preset=&#8221;default&#8221; global_colors_info=&#8221;{}&#8221;][et_pb_column type=&#8221;4_4&#8243; _builder_version=&#8221;4.20.4&#8243; _module_preset=&#8221;default&#8221; global_colors_info=&#8221;{}&#8221;][et_pb_text _builder_version=&#8221;4.20.4&#8243; _module_preset=&#8221;default&#8221;] Votre contenu va ici. Modifiez ou supprimez ce texte en ligne ou dans les param\u00e8tres de&#8230;<\/p>\n","protected":false},"author":3,"featured_media":0,"parent":0,"menu_order":0,"comment_status":"closed","ping_status":"closed","template":"","meta":{"_acf_changed":false,"footnotes":""},"class_list":["post-2181","page","type-page","status-publish"],"acf":[],"_links":{"self":[{"href":"https:\/\/www.felixglobal.com\/fr\/wp-json\/wp\/v2\/pages\/2181","targetHints":{"allow":["GET"]}}],"collection":[{"href":"https:\/\/www.felixglobal.com\/fr\/wp-json\/wp\/v2\/pages"}],"about":[{"href":"https:\/\/www.felixglobal.com\/fr\/wp-json\/wp\/v2\/types\/page"}],"author":[{"embeddable":true,"href":"https:\/\/www.felixglobal.com\/fr\/wp-json\/wp\/v2\/users\/3"}],"replies":[{"embeddable":true,"href":"https:\/\/www.felixglobal.com\/fr\/wp-json\/wp\/v2\/comments?post=2181"}],"version-history":[{"count":0,"href":"https:\/\/www.felixglobal.com\/fr\/wp-json\/wp\/v2\/pages\/2181\/revisions"}],"wp:attachment":[{"href":"https:\/\/www.felixglobal.com\/fr\/wp-json\/wp\/v2\/media?parent=2181"}],"curies":[{"name":"wp","href":"https:\/\/api.w.org\/{rel}","templated":true}]}}